{"id":14,"date":"2023-03-20T14:43:15","date_gmt":"2023-03-20T14:43:15","guid":{"rendered":"http:\/\/weltzaune.de\/?page_id=14"},"modified":"2024-01-22T13:44:57","modified_gmt":"2024-01-22T13:44:57","slug":"realizacje","status":"publish","type":"page","link":"http:\/\/weltzaune.de\/de\/realizacje\/","title":{"rendered":"Unsere Projekte"},"content":{"rendered":"","protected":false},"excerpt":{"rendered":"","protected":false},"author":1,"featured_media":0,"parent":0,"menu_order":0,"comment_status":"closed","ping_status":"closed","template":"","meta":{"_acf_changed":false,"ngg_post_thumbnail":0,"footnotes":""},"class_list":["post-14","page","type-page","status-publish","hentry"],"acf":[],"yoast_head":"<!-- This site is optimized with the Yoast SEO plugin v24.7 - https:\/\/yoast.com\/wordpress\/plugins\/seo\/ -->\n<title>Unsere Projekte - WELT Z\u00c4UNE S.C.<\/title>\n<meta name=\"description\" content=\"Sehen Sie sich die Effekte unserer Arbeit an! Kostenloses Vermessen undSch\u00e4tzung vor Ort.\" \/>\n<meta name=\"robots\" content=\"index, follow, max-snippet:-1, max-image-preview:large, max-video-preview:-1\" \/>\n<link rel=\"canonical\" href=\"https:\/\/weltzaune.de\/de\/realizacje\/\" \/>\n<meta property=\"og:locale\" content=\"de_DE\" \/>\n<meta property=\"og:type\" content=\"article\" \/>\n<meta property=\"og:title\" content=\"Unsere Projekte - WELT Z\u00c4UNE S.C.\" \/>\n<meta property=\"og:description\" content=\"Sehen Sie sich die Effekte unserer Arbeit an! Kostenloses Vermessen undSch\u00e4tzung vor Ort.\" \/>\n<meta property=\"og:url\" content=\"https:\/\/weltzaune.de\/de\/realizacje\/\" \/>\n<meta property=\"og:site_name\" content=\"WELT Z\u00c4UNE S.C.\" \/>\n<meta property=\"article:modified_time\" content=\"2024-01-22T13:44:57+00:00\" \/>\n<meta name=\"twitter:card\" content=\"summary_large_image\" \/>\n<meta name=\"twitter:label1\" content=\"Gesch\u00e4tzte Lesezeit\" \/>\n\t<meta name=\"twitter:data1\" content=\"248\u00a0Minuten\" \/>\n<script type=\"application\/ld+json\" class=\"yoast-schema-graph\">{\"@context\":\"https:\/\/schema.org\",\"@graph\":[{\"@type\":\"WebPage\",\"@id\":\"https:\/\/weltzaune.de\/de\/realizacje\/\",\"url\":\"https:\/\/weltzaune.de\/de\/realizacje\/\",\"name\":\"Unsere Projekte - WELT Z\u00c4UNE S.C.\",\"isPartOf\":{\"@id\":\"https:\/\/weltzaune.de\/de\/#website\"},\"datePublished\":\"2023-03-20T14:43:15+00:00\",\"dateModified\":\"2024-01-22T13:44:57+00:00\",\"description\":\"Sehen Sie sich die Effekte unserer Arbeit an! Kostenloses Vermessen undSch\u00e4tzung vor Ort.\",\"breadcrumb\":{\"@id\":\"https:\/\/weltzaune.de\/de\/realizacje\/#breadcrumb\"},\"inLanguage\":\"de\",\"potentialAction\":[{\"@type\":\"ReadAction\",\"target\":[\"https:\/\/weltzaune.de\/de\/realizacje\/\"]}]},{\"@type\":\"BreadcrumbList\",\"@id\":\"https:\/\/weltzaune.de\/de\/realizacje\/#breadcrumb\",\"itemListElement\":[{\"@type\":\"ListItem\",\"position\":1,\"name\":\"Strona g\u0142\u00f3wna\",\"item\":\"https:\/\/weltzaune.de\/de\/\"},{\"@type\":\"ListItem\",\"position\":2,\"name\":\"Realizacje\"}]},{\"@type\":\"WebSite\",\"@id\":\"https:\/\/weltzaune.de\/de\/#website\",\"url\":\"https:\/\/weltzaune.de\/de\/\",\"name\":\"WELT Z\u00c4UNE S.C.\",\"description\":\"Z\u00e4une, Tore, Vord\u00e4cher, Gel\u00e4nder aus Polen\",\"publisher\":{\"@id\":\"https:\/\/weltzaune.de\/de\/#organization\"},\"potentialAction\":[{\"@type\":\"SearchAction\",\"target\":{\"@type\":\"EntryPoint\",\"urlTemplate\":\"https:\/\/weltzaune.de\/de\/?s={search_term_string}\"},\"query-input\":{\"@type\":\"PropertyValueSpecification\",\"valueRequired\":true,\"valueName\":\"search_term_string\"}}],\"inLanguage\":\"de\"},{\"@type\":\"Organization\",\"@id\":\"https:\/\/weltzaune.de\/de\/#organization\",\"name\":\"WELT Z\u00c4UNE S.C.\",\"url\":\"https:\/\/weltzaune.de\/de\/\",\"logo\":{\"@type\":\"ImageObject\",\"inLanguage\":\"de\",\"@id\":\"https:\/\/weltzaune.de\/de\/#\/schema\/logo\/image\/\",\"url\":\"http:\/\/weltzaune.de\/wp-content\/uploads\/2024\/07\/cropped-cropped-welt_logo_black-scaled-1.webp\",\"contentUrl\":\"http:\/\/weltzaune.de\/wp-content\/uploads\/2024\/07\/cropped-cropped-welt_logo_black-scaled-1.webp\",\"width\":1920,\"height\":320,\"caption\":\"WELT Z\u00c4UNE S.C.\"},\"image\":{\"@id\":\"https:\/\/weltzaune.de\/de\/#\/schema\/logo\/image\/\"}}]}<\/script>\n<!-- \/ Yoast SEO plugin. -->","yoast_head_json":{"title":"Unsere Projekte - WELT Z\u00c4UNE S.C.","description":"Sehen Sie sich die Effekte unserer Arbeit an! Kostenloses Vermessen undSch\u00e4tzung vor Ort.","robots":{"index":"index","follow":"follow","max-snippet":"max-snippet:-1","max-image-preview":"max-image-preview:large","max-video-preview":"max-video-preview:-1"},"canonical":"https:\/\/weltzaune.de\/de\/realizacje\/","og_locale":"de_DE","og_type":"article","og_title":"Unsere Projekte - WELT Z\u00c4UNE S.C.","og_description":"Sehen Sie sich die Effekte unserer Arbeit an! Kostenloses Vermessen undSch\u00e4tzung vor Ort.","og_url":"https:\/\/weltzaune.de\/de\/realizacje\/","og_site_name":"WELT Z\u00c4UNE S.C.","article_modified_time":"2024-01-22T13:44:57+00:00","twitter_card":"summary_large_image","twitter_misc":{"Gesch\u00e4tzte Lesezeit":"248\u00a0Minuten"},"schema":{"@context":"https:\/\/schema.org","@graph":[{"@type":"WebPage","@id":"https:\/\/weltzaune.de\/de\/realizacje\/","url":"https:\/\/weltzaune.de\/de\/realizacje\/","name":"Unsere Projekte - WELT Z\u00c4UNE S.C.","isPartOf":{"@id":"https:\/\/weltzaune.de\/de\/#website"},"datePublished":"2023-03-20T14:43:15+00:00","dateModified":"2024-01-22T13:44:57+00:00","description":"Sehen Sie sich die Effekte unserer Arbeit an! Kostenloses Vermessen undSch\u00e4tzung vor Ort.","breadcrumb":{"@id":"https:\/\/weltzaune.de\/de\/realizacje\/#breadcrumb"},"inLanguage":"de","potentialAction":[{"@type":"ReadAction","target":["https:\/\/weltzaune.de\/de\/realizacje\/"]}]},{"@type":"BreadcrumbList","@id":"https:\/\/weltzaune.de\/de\/realizacje\/#breadcrumb","itemListElement":[{"@type":"ListItem","position":1,"name":"Strona g\u0142\u00f3wna","item":"https:\/\/weltzaune.de\/de\/"},{"@type":"ListItem","position":2,"name":"Realizacje"}]},{"@type":"WebSite","@id":"https:\/\/weltzaune.de\/de\/#website","url":"https:\/\/weltzaune.de\/de\/","name":"WELT Z\u00c4UNE S.C.","description":"Z\u00e4une, Tore, Vord\u00e4cher, Gel\u00e4nder aus Polen","publisher":{"@id":"https:\/\/weltzaune.de\/de\/#organization"},"potentialAction":[{"@type":"SearchAction","target":{"@type":"EntryPoint","urlTemplate":"https:\/\/weltzaune.de\/de\/?s={search_term_string}"},"query-input":{"@type":"PropertyValueSpecification","valueRequired":true,"valueName":"search_term_string"}}],"inLanguage":"de"},{"@type":"Organization","@id":"https:\/\/weltzaune.de\/de\/#organization","name":"WELT Z\u00c4UNE S.C.","url":"https:\/\/weltzaune.de\/de\/","logo":{"@type":"ImageObject","inLanguage":"de","@id":"https:\/\/weltzaune.de\/de\/#\/schema\/logo\/image\/","url":"http:\/\/weltzaune.de\/wp-content\/uploads\/2024\/07\/cropped-cropped-welt_logo_black-scaled-1.webp","contentUrl":"http:\/\/weltzaune.de\/wp-content\/uploads\/2024\/07\/cropped-cropped-welt_logo_black-scaled-1.webp","width":1920,"height":320,"caption":"WELT Z\u00c4UNE S.C."},"image":{"@id":"https:\/\/weltzaune.de\/de\/#\/schema\/logo\/image\/"}}]}},"_links":{"self":[{"href":"http:\/\/weltzaune.de\/de\/wp-json\/wp\/v2\/pages\/14","targetHints":{"allow":["GET"]}}],"collection":[{"href":"http:\/\/weltzaune.de\/de\/wp-json\/wp\/v2\/pages"}],"about":[{"href":"http:\/\/weltzaune.de\/de\/wp-json\/wp\/v2\/types\/page"}],"author":[{"embeddable":true,"href":"http:\/\/weltzaune.de\/de\/wp-json\/wp\/v2\/users\/1"}],"replies":[{"embeddable":true,"href":"http:\/\/weltzaune.de\/de\/wp-json\/wp\/v2\/comments?post=14"}],"version-history":[{"count":81,"href":"http:\/\/weltzaune.de\/de\/wp-json\/wp\/v2\/pages\/14\/revisions"}],"predecessor-version":[{"id":4568,"href":"http:\/\/weltzaune.de\/de\/wp-json\/wp\/v2\/pages\/14\/revisions\/4568"}],"wp:attachment":[{"href":"http:\/\/weltzaune.de\/de\/wp-json\/wp\/v2\/media?parent=14"}],"curies":[{"name":"wp","href":"https:\/\/api.w.org\/{rel}","templated":true}]}}