{"id":10,"date":"2023-03-20T14:42:59","date_gmt":"2023-03-20T14:42:59","guid":{"rendered":"http:\/\/weltzaune.de\/?page_id=10"},"modified":"2023-07-04T20:12:22","modified_gmt":"2023-07-04T20:12:22","slug":"wzory","status":"publish","type":"page","link":"https:\/\/weltzaune.de\/de\/wzory\/","title":{"rendered":"Wzory"},"content":{"rendered":"","protected":false},"excerpt":{"rendered":"","protected":false},"author":1,"featured_media":0,"parent":0,"menu_order":0,"comment_status":"closed","ping_status":"closed","template":"","meta":{"_acf_changed":false,"ngg_post_thumbnail":0,"footnotes":""},"class_list":["post-10","page","type-page","status-publish","hentry"],"acf":[],"yoast_head":"<!-- This site is optimized with the Yoast SEO plugin v24.7 - https:\/\/yoast.com\/wordpress\/plugins\/seo\/ -->\n<title>Modelle - WELT Z\u00c4UNE S.C.<\/title>\n<meta name=\"description\" content=\"Gro\u00dfe Auswahl an Designs. Sie werden sicher etwas nach Ihrem Geschmackfinden!\" \/>\n<meta name=\"robots\" content=\"index, follow, max-snippet:-1, max-image-preview:large, max-video-preview:-1\" \/>\n<link rel=\"canonical\" href=\"http:\/\/weltzaune.de\/de\/wzory\/\" \/>\n<meta property=\"og:locale\" content=\"de_DE\" \/>\n<meta property=\"og:type\" content=\"article\" \/>\n<meta property=\"og:title\" content=\"Modelle - WELT Z\u00c4UNE S.C.\" \/>\n<meta property=\"og:description\" content=\"Gro\u00dfe Auswahl an Designs. Sie werden sicher etwas nach Ihrem Geschmackfinden!\" \/>\n<meta property=\"og:url\" content=\"http:\/\/weltzaune.de\/de\/wzory\/\" \/>\n<meta property=\"og:site_name\" content=\"WELT Z\u00c4UNE S.C.\" \/>\n<meta property=\"article:modified_time\" content=\"2023-07-04T20:12:22+00:00\" \/>\n<meta name=\"twitter:card\" content=\"summary_large_image\" \/>\n<script type=\"application\/ld+json\" class=\"yoast-schema-graph\">{\"@context\":\"https:\/\/schema.org\",\"@graph\":[{\"@type\":\"WebPage\",\"@id\":\"http:\/\/weltzaune.de\/de\/wzory\/\",\"url\":\"http:\/\/weltzaune.de\/de\/wzory\/\",\"name\":\"Modelle - WELT Z\u00c4UNE S.C.\",\"isPartOf\":{\"@id\":\"https:\/\/weltzaune.de\/de\/#website\"},\"datePublished\":\"2023-03-20T14:42:59+00:00\",\"dateModified\":\"2023-07-04T20:12:22+00:00\",\"description\":\"Gro\u00dfe Auswahl an Designs. Sie werden sicher etwas nach Ihrem Geschmackfinden!\",\"breadcrumb\":{\"@id\":\"http:\/\/weltzaune.de\/de\/wzory\/#breadcrumb\"},\"inLanguage\":\"de\",\"potentialAction\":[{\"@type\":\"ReadAction\",\"target\":[\"http:\/\/weltzaune.de\/de\/wzory\/\"]}]},{\"@type\":\"BreadcrumbList\",\"@id\":\"http:\/\/weltzaune.de\/de\/wzory\/#breadcrumb\",\"itemListElement\":[{\"@type\":\"ListItem\",\"position\":1,\"name\":\"Strona g\u0142\u00f3wna\",\"item\":\"https:\/\/weltzaune.de\/de\/\"},{\"@type\":\"ListItem\",\"position\":2,\"name\":\"Wzory\"}]},{\"@type\":\"WebSite\",\"@id\":\"https:\/\/weltzaune.de\/de\/#website\",\"url\":\"https:\/\/weltzaune.de\/de\/\",\"name\":\"WELT Z\u00c4UNE S.C.\",\"description\":\"Z\u00e4une, Tore, Vord\u00e4cher, Gel\u00e4nder aus Polen\",\"publisher\":{\"@id\":\"https:\/\/weltzaune.de\/de\/#organization\"},\"potentialAction\":[{\"@type\":\"SearchAction\",\"target\":{\"@type\":\"EntryPoint\",\"urlTemplate\":\"https:\/\/weltzaune.de\/de\/?s={search_term_string}\"},\"query-input\":{\"@type\":\"PropertyValueSpecification\",\"valueRequired\":true,\"valueName\":\"search_term_string\"}}],\"inLanguage\":\"de\"},{\"@type\":\"Organization\",\"@id\":\"https:\/\/weltzaune.de\/de\/#organization\",\"name\":\"WELT Z\u00c4UNE S.C.\",\"url\":\"https:\/\/weltzaune.de\/de\/\",\"logo\":{\"@type\":\"ImageObject\",\"inLanguage\":\"de\",\"@id\":\"https:\/\/weltzaune.de\/de\/#\/schema\/logo\/image\/\",\"url\":\"https:\/\/weltzaune.de\/wp-content\/uploads\/2024\/07\/cropped-cropped-welt_logo_black-scaled-1.webp\",\"contentUrl\":\"https:\/\/weltzaune.de\/wp-content\/uploads\/2024\/07\/cropped-cropped-welt_logo_black-scaled-1.webp\",\"width\":1920,\"height\":320,\"caption\":\"WELT Z\u00c4UNE S.C.\"},\"image\":{\"@id\":\"https:\/\/weltzaune.de\/de\/#\/schema\/logo\/image\/\"}}]}<\/script>\n<!-- \/ Yoast SEO plugin. -->","yoast_head_json":{"title":"Modelle - WELT Z\u00c4UNE S.C.","description":"Gro\u00dfe Auswahl an Designs. Sie werden sicher etwas nach Ihrem Geschmackfinden!","robots":{"index":"index","follow":"follow","max-snippet":"max-snippet:-1","max-image-preview":"max-image-preview:large","max-video-preview":"max-video-preview:-1"},"canonical":"http:\/\/weltzaune.de\/de\/wzory\/","og_locale":"de_DE","og_type":"article","og_title":"Modelle - WELT Z\u00c4UNE S.C.","og_description":"Gro\u00dfe Auswahl an Designs. Sie werden sicher etwas nach Ihrem Geschmackfinden!","og_url":"http:\/\/weltzaune.de\/de\/wzory\/","og_site_name":"WELT Z\u00c4UNE S.C.","article_modified_time":"2023-07-04T20:12:22+00:00","twitter_card":"summary_large_image","schema":{"@context":"https:\/\/schema.org","@graph":[{"@type":"WebPage","@id":"http:\/\/weltzaune.de\/de\/wzory\/","url":"http:\/\/weltzaune.de\/de\/wzory\/","name":"Modelle - WELT Z\u00c4UNE S.C.","isPartOf":{"@id":"https:\/\/weltzaune.de\/de\/#website"},"datePublished":"2023-03-20T14:42:59+00:00","dateModified":"2023-07-04T20:12:22+00:00","description":"Gro\u00dfe Auswahl an Designs. Sie werden sicher etwas nach Ihrem Geschmackfinden!","breadcrumb":{"@id":"http:\/\/weltzaune.de\/de\/wzory\/#breadcrumb"},"inLanguage":"de","potentialAction":[{"@type":"ReadAction","target":["http:\/\/weltzaune.de\/de\/wzory\/"]}]},{"@type":"BreadcrumbList","@id":"http:\/\/weltzaune.de\/de\/wzory\/#breadcrumb","itemListElement":[{"@type":"ListItem","position":1,"name":"Strona g\u0142\u00f3wna","item":"https:\/\/weltzaune.de\/de\/"},{"@type":"ListItem","position":2,"name":"Wzory"}]},{"@type":"WebSite","@id":"https:\/\/weltzaune.de\/de\/#website","url":"https:\/\/weltzaune.de\/de\/","name":"WELT Z\u00c4UNE S.C.","description":"Z\u00e4une, Tore, Vord\u00e4cher, Gel\u00e4nder aus Polen","publisher":{"@id":"https:\/\/weltzaune.de\/de\/#organization"},"potentialAction":[{"@type":"SearchAction","target":{"@type":"EntryPoint","urlTemplate":"https:\/\/weltzaune.de\/de\/?s={search_term_string}"},"query-input":{"@type":"PropertyValueSpecification","valueRequired":true,"valueName":"search_term_string"}}],"inLanguage":"de"},{"@type":"Organization","@id":"https:\/\/weltzaune.de\/de\/#organization","name":"WELT Z\u00c4UNE S.C.","url":"https:\/\/weltzaune.de\/de\/","logo":{"@type":"ImageObject","inLanguage":"de","@id":"https:\/\/weltzaune.de\/de\/#\/schema\/logo\/image\/","url":"https:\/\/weltzaune.de\/wp-content\/uploads\/2024\/07\/cropped-cropped-welt_logo_black-scaled-1.webp","contentUrl":"https:\/\/weltzaune.de\/wp-content\/uploads\/2024\/07\/cropped-cropped-welt_logo_black-scaled-1.webp","width":1920,"height":320,"caption":"WELT Z\u00c4UNE S.C."},"image":{"@id":"https:\/\/weltzaune.de\/de\/#\/schema\/logo\/image\/"}}]}},"_links":{"self":[{"href":"https:\/\/weltzaune.de\/de\/wp-json\/wp\/v2\/pages\/10","targetHints":{"allow":["GET"]}}],"collection":[{"href":"https:\/\/weltzaune.de\/de\/wp-json\/wp\/v2\/pages"}],"about":[{"href":"https:\/\/weltzaune.de\/de\/wp-json\/wp\/v2\/types\/page"}],"author":[{"embeddable":true,"href":"https:\/\/weltzaune.de\/de\/wp-json\/wp\/v2\/users\/1"}],"replies":[{"embeddable":true,"href":"https:\/\/weltzaune.de\/de\/wp-json\/wp\/v2\/comments?post=10"}],"version-history":[{"count":2,"href":"https:\/\/weltzaune.de\/de\/wp-json\/wp\/v2\/pages\/10\/revisions"}],"predecessor-version":[{"id":2650,"href":"https:\/\/weltzaune.de\/de\/wp-json\/wp\/v2\/pages\/10\/revisions\/2650"}],"wp:attachment":[{"href":"https:\/\/weltzaune.de\/de\/wp-json\/wp\/v2\/media?parent=10"}],"curies":[{"name":"wp","href":"https:\/\/api.w.org\/{rel}","templated":true}]}}