{"id":104,"date":"2023-04-01T12:02:19","date_gmt":"2023-04-01T12:02:19","guid":{"rendered":"http:\/\/weltzaune.de\/?page_id=104"},"modified":"2023-04-01T12:02:19","modified_gmt":"2023-04-01T12:02:19","slug":"wzory-cnc","status":"publish","type":"page","link":"https:\/\/weltzaune.de\/de\/wzory-cnc\/","title":{"rendered":"CNC-Muster"},"content":{"rendered":"","protected":false},"excerpt":{"rendered":"","protected":false},"author":1,"featured_media":0,"parent":0,"menu_order":0,"comment_status":"closed","ping_status":"closed","template":"","meta":{"_acf_changed":false,"ngg_post_thumbnail":0,"footnotes":""},"class_list":["post-104","page","type-page","status-publish","hentry"],"acf":[],"yoast_head":"<!-- This site is optimized with the Yoast SEO plugin v24.7 - https:\/\/yoast.com\/wordpress\/plugins\/seo\/ -->\n<title>Wzory CNC - WELT Z\u00c4UNE S.C.<\/title>\n<meta name=\"robots\" content=\"index, follow, max-snippet:-1, max-image-preview:large, max-video-preview:-1\" \/>\n<link rel=\"canonical\" href=\"https:\/\/weltzaune.de\/de\/wzory-cnc\/\" \/>\n<meta property=\"og:locale\" content=\"de_DE\" \/>\n<meta property=\"og:type\" content=\"article\" \/>\n<meta property=\"og:title\" content=\"Wzory CNC - WELT Z\u00c4UNE S.C.\" \/>\n<meta property=\"og:url\" content=\"https:\/\/weltzaune.de\/de\/wzory-cnc\/\" \/>\n<meta property=\"og:site_name\" content=\"WELT Z\u00c4UNE S.C.\" \/>\n<meta name=\"twitter:card\" content=\"summary_large_image\" \/>\n<script type=\"application\/ld+json\" class=\"yoast-schema-graph\">{\"@context\":\"https:\/\/schema.org\",\"@graph\":[{\"@type\":\"WebPage\",\"@id\":\"https:\/\/weltzaune.de\/de\/wzory-cnc\/\",\"url\":\"https:\/\/weltzaune.de\/de\/wzory-cnc\/\",\"name\":\"Wzory CNC - WELT Z\u00c4UNE S.C.\",\"isPartOf\":{\"@id\":\"https:\/\/weltzaune.de\/de\/#website\"},\"datePublished\":\"2023-04-01T12:02:19+00:00\",\"breadcrumb\":{\"@id\":\"https:\/\/weltzaune.de\/de\/wzory-cnc\/#breadcrumb\"},\"inLanguage\":\"de\",\"potentialAction\":[{\"@type\":\"ReadAction\",\"target\":[\"https:\/\/weltzaune.de\/de\/wzory-cnc\/\"]}]},{\"@type\":\"BreadcrumbList\",\"@id\":\"https:\/\/weltzaune.de\/de\/wzory-cnc\/#breadcrumb\",\"itemListElement\":[{\"@type\":\"ListItem\",\"position\":1,\"name\":\"Strona g\u0142\u00f3wna\",\"item\":\"https:\/\/weltzaune.de\/de\/\"},{\"@type\":\"ListItem\",\"position\":2,\"name\":\"Wzory CNC\"}]},{\"@type\":\"WebSite\",\"@id\":\"https:\/\/weltzaune.de\/de\/#website\",\"url\":\"https:\/\/weltzaune.de\/de\/\",\"name\":\"WELT Z\u00c4UNE S.C.\",\"description\":\"Z\u00e4une, Tore, Vord\u00e4cher, Gel\u00e4nder aus Polen\",\"publisher\":{\"@id\":\"https:\/\/weltzaune.de\/de\/#organization\"},\"potentialAction\":[{\"@type\":\"SearchAction\",\"target\":{\"@type\":\"EntryPoint\",\"urlTemplate\":\"https:\/\/weltzaune.de\/de\/?s={search_term_string}\"},\"query-input\":{\"@type\":\"PropertyValueSpecification\",\"valueRequired\":true,\"valueName\":\"search_term_string\"}}],\"inLanguage\":\"de\"},{\"@type\":\"Organization\",\"@id\":\"https:\/\/weltzaune.de\/de\/#organization\",\"name\":\"WELT Z\u00c4UNE S.C.\",\"url\":\"https:\/\/weltzaune.de\/de\/\",\"logo\":{\"@type\":\"ImageObject\",\"inLanguage\":\"de\",\"@id\":\"https:\/\/weltzaune.de\/de\/#\/schema\/logo\/image\/\",\"url\":\"https:\/\/weltzaune.de\/wp-content\/uploads\/2024\/07\/cropped-cropped-welt_logo_black-scaled-1.webp\",\"contentUrl\":\"https:\/\/weltzaune.de\/wp-content\/uploads\/2024\/07\/cropped-cropped-welt_logo_black-scaled-1.webp\",\"width\":1920,\"height\":320,\"caption\":\"WELT Z\u00c4UNE S.C.\"},\"image\":{\"@id\":\"https:\/\/weltzaune.de\/de\/#\/schema\/logo\/image\/\"}}]}<\/script>\n<!-- \/ Yoast SEO plugin. -->","yoast_head_json":{"title":"Wzory CNC - WELT Z\u00c4UNE S.C.","robots":{"index":"index","follow":"follow","max-snippet":"max-snippet:-1","max-image-preview":"max-image-preview:large","max-video-preview":"max-video-preview:-1"},"canonical":"https:\/\/weltzaune.de\/de\/wzory-cnc\/","og_locale":"de_DE","og_type":"article","og_title":"Wzory CNC - WELT Z\u00c4UNE S.C.","og_url":"https:\/\/weltzaune.de\/de\/wzory-cnc\/","og_site_name":"WELT Z\u00c4UNE S.C.","twitter_card":"summary_large_image","schema":{"@context":"https:\/\/schema.org","@graph":[{"@type":"WebPage","@id":"https:\/\/weltzaune.de\/de\/wzory-cnc\/","url":"https:\/\/weltzaune.de\/de\/wzory-cnc\/","name":"Wzory CNC - WELT Z\u00c4UNE S.C.","isPartOf":{"@id":"https:\/\/weltzaune.de\/de\/#website"},"datePublished":"2023-04-01T12:02:19+00:00","breadcrumb":{"@id":"https:\/\/weltzaune.de\/de\/wzory-cnc\/#breadcrumb"},"inLanguage":"de","potentialAction":[{"@type":"ReadAction","target":["https:\/\/weltzaune.de\/de\/wzory-cnc\/"]}]},{"@type":"BreadcrumbList","@id":"https:\/\/weltzaune.de\/de\/wzory-cnc\/#breadcrumb","itemListElement":[{"@type":"ListItem","position":1,"name":"Strona g\u0142\u00f3wna","item":"https:\/\/weltzaune.de\/de\/"},{"@type":"ListItem","position":2,"name":"Wzory CNC"}]},{"@type":"WebSite","@id":"https:\/\/weltzaune.de\/de\/#website","url":"https:\/\/weltzaune.de\/de\/","name":"WELT Z\u00c4UNE S.C.","description":"Z\u00e4une, Tore, Vord\u00e4cher, Gel\u00e4nder aus Polen","publisher":{"@id":"https:\/\/weltzaune.de\/de\/#organization"},"potentialAction":[{"@type":"SearchAction","target":{"@type":"EntryPoint","urlTemplate":"https:\/\/weltzaune.de\/de\/?s={search_term_string}"},"query-input":{"@type":"PropertyValueSpecification","valueRequired":true,"valueName":"search_term_string"}}],"inLanguage":"de"},{"@type":"Organization","@id":"https:\/\/weltzaune.de\/de\/#organization","name":"WELT Z\u00c4UNE S.C.","url":"https:\/\/weltzaune.de\/de\/","logo":{"@type":"ImageObject","inLanguage":"de","@id":"https:\/\/weltzaune.de\/de\/#\/schema\/logo\/image\/","url":"https:\/\/weltzaune.de\/wp-content\/uploads\/2024\/07\/cropped-cropped-welt_logo_black-scaled-1.webp","contentUrl":"https:\/\/weltzaune.de\/wp-content\/uploads\/2024\/07\/cropped-cropped-welt_logo_black-scaled-1.webp","width":1920,"height":320,"caption":"WELT Z\u00c4UNE S.C."},"image":{"@id":"https:\/\/weltzaune.de\/de\/#\/schema\/logo\/image\/"}}]}},"_links":{"self":[{"href":"https:\/\/weltzaune.de\/de\/wp-json\/wp\/v2\/pages\/104","targetHints":{"allow":["GET"]}}],"collection":[{"href":"https:\/\/weltzaune.de\/de\/wp-json\/wp\/v2\/pages"}],"about":[{"href":"https:\/\/weltzaune.de\/de\/wp-json\/wp\/v2\/types\/page"}],"author":[{"embeddable":true,"href":"https:\/\/weltzaune.de\/de\/wp-json\/wp\/v2\/users\/1"}],"replies":[{"embeddable":true,"href":"https:\/\/weltzaune.de\/de\/wp-json\/wp\/v2\/comments?post=104"}],"version-history":[{"count":1,"href":"https:\/\/weltzaune.de\/de\/wp-json\/wp\/v2\/pages\/104\/revisions"}],"predecessor-version":[{"id":105,"href":"https:\/\/weltzaune.de\/de\/wp-json\/wp\/v2\/pages\/104\/revisions\/105"}],"wp:attachment":[{"href":"https:\/\/weltzaune.de\/de\/wp-json\/wp\/v2\/media?parent=104"}],"curies":[{"name":"wp","href":"https:\/\/api.w.org\/{rel}","templated":true}]}}