{"id":4665,"date":"2025-03-23T11:32:33","date_gmt":"2025-03-23T11:32:33","guid":{"rendered":"http:\/\/weltzaune.de\/?page_id=4665"},"modified":"2025-03-24T11:03:39","modified_gmt":"2025-03-24T11:03:39","slug":"kontakt-2","status":"publish","type":"page","link":"https:\/\/weltzaune.de\/de\/kontakt-2\/","title":{"rendered":"Kontakt"},"content":{"rendered":"","protected":false},"excerpt":{"rendered":"","protected":false},"author":1,"featured_media":0,"parent":0,"menu_order":0,"comment_status":"closed","ping_status":"closed","template":"page-kontakt.php","meta":{"_acf_changed":false,"ngg_post_thumbnail":0,"footnotes":""},"class_list":["post-4665","page","type-page","status-publish","hentry"],"acf":[],"yoast_head":"<!-- This site is optimized with the Yoast SEO plugin v24.7 - https:\/\/yoast.com\/wordpress\/plugins\/seo\/ -->\n<title>Kontakt - WELT Z\u00c4UNE S.C.<\/title>\n<meta name=\"robots\" content=\"index, follow, max-snippet:-1, max-image-preview:large, max-video-preview:-1\" \/>\n<link rel=\"canonical\" href=\"http:\/\/weltzaune.de\/de\/kontakt-2\/\" \/>\n<meta property=\"og:locale\" content=\"de_DE\" \/>\n<meta property=\"og:type\" content=\"article\" \/>\n<meta property=\"og:title\" content=\"Kontakt - WELT Z\u00c4UNE S.C.\" \/>\n<meta property=\"og:url\" content=\"http:\/\/weltzaune.de\/de\/kontakt-2\/\" \/>\n<meta property=\"og:site_name\" content=\"WELT Z\u00c4UNE S.C.\" \/>\n<meta property=\"article:modified_time\" content=\"2025-03-24T11:03:39+00:00\" \/>\n<meta property=\"og:image\" content=\"http:\/\/weltzaune.de\/wp-content\/uploads\/2024\/08\/99c35aec-cb32-4715-a6ef-c4a14f686563.webp\" \/>\n<meta name=\"twitter:card\" content=\"summary_large_image\" \/>\n<meta name=\"twitter:label1\" content=\"Gesch\u00e4tzte Lesezeit\" \/>\n\t<meta name=\"twitter:data1\" content=\"2\u00a0Minuten\" \/>\n<script type=\"application\/ld+json\" class=\"yoast-schema-graph\">{\"@context\":\"https:\/\/schema.org\",\"@graph\":[{\"@type\":\"WebPage\",\"@id\":\"http:\/\/weltzaune.de\/de\/kontakt-2\/\",\"url\":\"http:\/\/weltzaune.de\/de\/kontakt-2\/\",\"name\":\"Kontakt - WELT Z\u00c4UNE S.C.\",\"isPartOf\":{\"@id\":\"https:\/\/weltzaune.de\/de\/#website\"},\"primaryImageOfPage\":{\"@id\":\"http:\/\/weltzaune.de\/de\/kontakt-2\/#primaryimage\"},\"image\":{\"@id\":\"http:\/\/weltzaune.de\/de\/kontakt-2\/#primaryimage\"},\"thumbnailUrl\":\"http:\/\/weltzaune.de\/wp-content\/uploads\/2024\/08\/99c35aec-cb32-4715-a6ef-c4a14f686563.webp\",\"datePublished\":\"2025-03-23T11:32:33+00:00\",\"dateModified\":\"2025-03-24T11:03:39+00:00\",\"breadcrumb\":{\"@id\":\"http:\/\/weltzaune.de\/de\/kontakt-2\/#breadcrumb\"},\"inLanguage\":\"de\",\"potentialAction\":[{\"@type\":\"ReadAction\",\"target\":[\"http:\/\/weltzaune.de\/de\/kontakt-2\/\"]}]},{\"@type\":\"ImageObject\",\"inLanguage\":\"de\",\"@id\":\"http:\/\/weltzaune.de\/de\/kontakt-2\/#primaryimage\",\"url\":\"http:\/\/weltzaune.de\/wp-content\/uploads\/2024\/08\/99c35aec-cb32-4715-a6ef-c4a14f686563.webp\",\"contentUrl\":\"http:\/\/weltzaune.de\/wp-content\/uploads\/2024\/08\/99c35aec-cb32-4715-a6ef-c4a14f686563.webp\"},{\"@type\":\"BreadcrumbList\",\"@id\":\"http:\/\/weltzaune.de\/de\/kontakt-2\/#breadcrumb\",\"itemListElement\":[{\"@type\":\"ListItem\",\"position\":1,\"name\":\"Strona g\u0142\u00f3wna\",\"item\":\"https:\/\/weltzaune.de\/de\/\"},{\"@type\":\"ListItem\",\"position\":2,\"name\":\"Kontakt\"}]},{\"@type\":\"WebSite\",\"@id\":\"https:\/\/weltzaune.de\/de\/#website\",\"url\":\"https:\/\/weltzaune.de\/de\/\",\"name\":\"WELT Z\u00c4UNE S.C.\",\"description\":\"Z\u00e4une, Tore, Vord\u00e4cher, Gel\u00e4nder aus Polen\",\"publisher\":{\"@id\":\"https:\/\/weltzaune.de\/de\/#organization\"},\"potentialAction\":[{\"@type\":\"SearchAction\",\"target\":{\"@type\":\"EntryPoint\",\"urlTemplate\":\"https:\/\/weltzaune.de\/de\/?s={search_term_string}\"},\"query-input\":{\"@type\":\"PropertyValueSpecification\",\"valueRequired\":true,\"valueName\":\"search_term_string\"}}],\"inLanguage\":\"de\"},{\"@type\":\"Organization\",\"@id\":\"https:\/\/weltzaune.de\/de\/#organization\",\"name\":\"WELT Z\u00c4UNE S.C.\",\"url\":\"https:\/\/weltzaune.de\/de\/\",\"logo\":{\"@type\":\"ImageObject\",\"inLanguage\":\"de\",\"@id\":\"https:\/\/weltzaune.de\/de\/#\/schema\/logo\/image\/\",\"url\":\"https:\/\/weltzaune.de\/wp-content\/uploads\/2024\/07\/cropped-cropped-welt_logo_black-scaled-1.webp\",\"contentUrl\":\"https:\/\/weltzaune.de\/wp-content\/uploads\/2024\/07\/cropped-cropped-welt_logo_black-scaled-1.webp\",\"width\":1920,\"height\":320,\"caption\":\"WELT Z\u00c4UNE S.C.\"},\"image\":{\"@id\":\"https:\/\/weltzaune.de\/de\/#\/schema\/logo\/image\/\"}}]}<\/script>\n<!-- \/ Yoast SEO plugin. -->","yoast_head_json":{"title":"Kontakt - WELT Z\u00c4UNE S.C.","robots":{"index":"index","follow":"follow","max-snippet":"max-snippet:-1","max-image-preview":"max-image-preview:large","max-video-preview":"max-video-preview:-1"},"canonical":"http:\/\/weltzaune.de\/de\/kontakt-2\/","og_locale":"de_DE","og_type":"article","og_title":"Kontakt - WELT Z\u00c4UNE S.C.","og_url":"http:\/\/weltzaune.de\/de\/kontakt-2\/","og_site_name":"WELT Z\u00c4UNE S.C.","article_modified_time":"2025-03-24T11:03:39+00:00","og_image":[{"url":"http:\/\/weltzaune.de\/wp-content\/uploads\/2024\/08\/99c35aec-cb32-4715-a6ef-c4a14f686563.webp","type":"","width":"","height":""}],"twitter_card":"summary_large_image","twitter_misc":{"Gesch\u00e4tzte Lesezeit":"2\u00a0Minuten"},"schema":{"@context":"https:\/\/schema.org","@graph":[{"@type":"WebPage","@id":"http:\/\/weltzaune.de\/de\/kontakt-2\/","url":"http:\/\/weltzaune.de\/de\/kontakt-2\/","name":"Kontakt - WELT Z\u00c4UNE S.C.","isPartOf":{"@id":"https:\/\/weltzaune.de\/de\/#website"},"primaryImageOfPage":{"@id":"http:\/\/weltzaune.de\/de\/kontakt-2\/#primaryimage"},"image":{"@id":"http:\/\/weltzaune.de\/de\/kontakt-2\/#primaryimage"},"thumbnailUrl":"http:\/\/weltzaune.de\/wp-content\/uploads\/2024\/08\/99c35aec-cb32-4715-a6ef-c4a14f686563.webp","datePublished":"2025-03-23T11:32:33+00:00","dateModified":"2025-03-24T11:03:39+00:00","breadcrumb":{"@id":"http:\/\/weltzaune.de\/de\/kontakt-2\/#breadcrumb"},"inLanguage":"de","potentialAction":[{"@type":"ReadAction","target":["http:\/\/weltzaune.de\/de\/kontakt-2\/"]}]},{"@type":"ImageObject","inLanguage":"de","@id":"http:\/\/weltzaune.de\/de\/kontakt-2\/#primaryimage","url":"http:\/\/weltzaune.de\/wp-content\/uploads\/2024\/08\/99c35aec-cb32-4715-a6ef-c4a14f686563.webp","contentUrl":"http:\/\/weltzaune.de\/wp-content\/uploads\/2024\/08\/99c35aec-cb32-4715-a6ef-c4a14f686563.webp"},{"@type":"BreadcrumbList","@id":"http:\/\/weltzaune.de\/de\/kontakt-2\/#breadcrumb","itemListElement":[{"@type":"ListItem","position":1,"name":"Strona g\u0142\u00f3wna","item":"https:\/\/weltzaune.de\/de\/"},{"@type":"ListItem","position":2,"name":"Kontakt"}]},{"@type":"WebSite","@id":"https:\/\/weltzaune.de\/de\/#website","url":"https:\/\/weltzaune.de\/de\/","name":"WELT Z\u00c4UNE S.C.","description":"Z\u00e4une, Tore, Vord\u00e4cher, Gel\u00e4nder aus Polen","publisher":{"@id":"https:\/\/weltzaune.de\/de\/#organization"},"potentialAction":[{"@type":"SearchAction","target":{"@type":"EntryPoint","urlTemplate":"https:\/\/weltzaune.de\/de\/?s={search_term_string}"},"query-input":{"@type":"PropertyValueSpecification","valueRequired":true,"valueName":"search_term_string"}}],"inLanguage":"de"},{"@type":"Organization","@id":"https:\/\/weltzaune.de\/de\/#organization","name":"WELT Z\u00c4UNE S.C.","url":"https:\/\/weltzaune.de\/de\/","logo":{"@type":"ImageObject","inLanguage":"de","@id":"https:\/\/weltzaune.de\/de\/#\/schema\/logo\/image\/","url":"https:\/\/weltzaune.de\/wp-content\/uploads\/2024\/07\/cropped-cropped-welt_logo_black-scaled-1.webp","contentUrl":"https:\/\/weltzaune.de\/wp-content\/uploads\/2024\/07\/cropped-cropped-welt_logo_black-scaled-1.webp","width":1920,"height":320,"caption":"WELT Z\u00c4UNE S.C."},"image":{"@id":"https:\/\/weltzaune.de\/de\/#\/schema\/logo\/image\/"}}]}},"_links":{"self":[{"href":"https:\/\/weltzaune.de\/de\/wp-json\/wp\/v2\/pages\/4665","targetHints":{"allow":["GET"]}}],"collection":[{"href":"https:\/\/weltzaune.de\/de\/wp-json\/wp\/v2\/pages"}],"about":[{"href":"https:\/\/weltzaune.de\/de\/wp-json\/wp\/v2\/types\/page"}],"author":[{"embeddable":true,"href":"https:\/\/weltzaune.de\/de\/wp-json\/wp\/v2\/users\/1"}],"replies":[{"embeddable":true,"href":"https:\/\/weltzaune.de\/de\/wp-json\/wp\/v2\/comments?post=4665"}],"version-history":[{"count":40,"href":"https:\/\/weltzaune.de\/de\/wp-json\/wp\/v2\/pages\/4665\/revisions"}],"predecessor-version":[{"id":4774,"href":"https:\/\/weltzaune.de\/de\/wp-json\/wp\/v2\/pages\/4665\/revisions\/4774"}],"wp:attachment":[{"href":"https:\/\/weltzaune.de\/de\/wp-json\/wp\/v2\/media?parent=4665"}],"curies":[{"name":"wp","href":"https:\/\/api.w.org\/{rel}","templated":true}]}}